{"id":3,"date":"2023-11-22T00:57:49","date_gmt":"2023-11-22T00:57:49","guid":{"rendered":"http:\/\/localizzzafrica.com\/?page_id=3"},"modified":"2024-09-23T16:19:50","modified_gmt":"2024-09-23T16:19:50","slug":"privacy-policy","status":"publish","type":"page","link":"https:\/\/localizzzafrica.com\/fr_ca\/privacy-policy\/","title":{"rendered":"Politique de confidentialit\u00e9"},"content":{"rendered":"<p>[et_pb_section fb_built=&#8221;1&#8243; admin_label=&#8221;section&#8221; _builder_version=&#8221;4.16&#8243; global_colors_info=&#8221;{}&#8221;][et_pb_row admin_label=&#8221;row&#8221; _builder_version=&#8221;4.16&#8243; background_size=&#8221;initial&#8221; background_position=&#8221;top_left&#8221; background_repeat=&#8221;repeat&#8221; width=&#8221;69.8%&#8221; global_colors_info=&#8221;{}&#8221;][et_pb_column type=&#8221;4_4&#8243; _builder_version=&#8221;4.16&#8243; custom_padding=&#8221;|||&#8221; global_colors_info=&#8221;{}&#8221; custom_padding__hover=&#8221;|||&#8221;][et_pb_text admin_label=&#8221;Text&#8221; _builder_version=&#8221;4.16&#8243; background_size=&#8221;initial&#8221; background_position=&#8221;top_left&#8221; background_repeat=&#8221;repeat&#8221; global_colors_info=&#8221;{}&#8221;]<!-- divi:heading --><\/p>\n<p>&nbsp;<\/p>\n<p>&nbsp;<\/p>\n<h2>Politique de confidentialit\u00e9 pour Localizzzafrica.com, le programme Impliquer l'Afrique et l'application Engage Africa NLP<\/h2>\n<p>&nbsp;<\/p>\n<p>Welcome to our Privacy Policy page. The privacy and security of our users are of paramount importance. This Privacy Policy applies to our websites (tlahub.com, l10nsys.com, Localizzz.com, Localizzzafrica.com) and our programs and applications (Program Engage Africa and Engage Africa NLP Apps), collectively referred to as the &#8220;Services&#8221;. It governs the manner in which we collect, use, maintain, and disclose information collected from users.<\/p>\n<h2><\/h2>\n<h2><\/h2>\n<h2>1. Collecte de renseignements personnels<\/h2>\n<p>Nous ne collectons des renseignements personnels que dans la mesure n\u00e9cessaire pour faire fonctionner nos services :<\/p>\n<ul>\n<li>Nom<\/li>\n<li>Adresse courriel<\/li>\n<li>Num\u00e9ro de t\u00e9l\u00e9phone<\/li>\n<li>Nous pourrions \u00e9galement demander des notes de voix (avec votre consentement)<\/li>\n<\/ul>\n<p><span style=\"font-size: 14px;\">Nous ne collectons pas les adresses personnelles ni aucun autre renseignement personnel au-del\u00e0 de ce qui est n\u00e9cessaire. Aucun autre renseignement personnel n'est collect\u00e9 sur nos applications ou nos sites Web.<\/span><\/p>\n<p>&nbsp;<\/p>\n<h2>2. Utilisation des renseignements collect\u00e9s<\/h2>\n<p>Les renseignements que nous collectons servent exclusivement \u00e0 :<\/p>\n<ul>\n<li>Faciliter l'inscription et l'identification des utilisatrices et utilisateurs.<\/li>\n<li>Fournir du soutien et de l'assistance pour nos services.<\/li>\n<li>Am\u00e9liorer l'exp\u00e9rience utilisateur et la fonctionnalit\u00e9.<\/li>\n<\/ul>\n<p>&nbsp;<\/p>\n<h2>3. Non-vente des renseignements personnels<\/h2>\n<p>Nous ne vendons, \u00e9changeons, louons ou partageons pas vos renseignements personnels avec des tiers sans votre consentement. Votre confidentialit\u00e9 est importante pour nous.<\/p>\n<p>&nbsp;<\/p>\n<h2>4. Dur\u00e9e de conservation de vos donn\u00e9es<\/h2>\n<p>Nous conservons vos renseignements personnels tant que votre compte est actif ou aussi longtemps que n\u00e9cessaire pour vous offrir les services. Nous conservons et utilisons \u00e9galement vos renseignements afin de respecter nos obligations l\u00e9gales, de r\u00e9gler les litiges et de respecter nos accords. Si vous souhaitez annuler votre compte ou demander que nous n'utilisions plus vos renseignements pour vous offrir les services, veuillez nous contacter \u00e0 l'adresse courriel <a href=\"mailto:info@localizzz.com\">info@localizzz.com<\/a>.<\/p>\n<p>&nbsp;<\/p>\n<h2>5. Vos droits sur vos renseignements personnels<\/h2>\n<p>Vous avez le droit :<\/p>\n<ul>\n<li>d'acc\u00e9der \u00e0 vos renseignements personnels que nous d\u00e9tenons;<\/li>\n<li>de demander \u00e0 ce que des renseignements incomplets ou incorrects soient corrig\u00e9s;<\/li>\n<li>de demander la suppression de vos renseignements personnels, sous r\u00e9serve de certaines exceptions pr\u00e9vues par la loi;<\/li>\n<li>de refuser que vos renseignements personnels soient trait\u00e9s;<\/li>\n<li>de demander une restriction sur le traitement de vos renseignements personnels;<\/li>\n<li>de demander le transfert de vos renseignements personnels \u00e0 une autre partie.<\/li>\n<\/ul>\n<p>Pour exercer l'un de ces droits, veuillez nous contacter \u00e0 l'adresse courriel <a href=\"mailto:info@localizzz.com\">info@localizzz.com<\/a>.<\/p>\n<p>&nbsp;<\/p>\n<h2>6. Normes en mati\u00e8re de s\u00e9curit\u00e9 et de contenu<\/h2>\n<p>Nos services sont s\u00e9curitaires pour tous les groupes d'\u00e2ge et n'encouragent ni la violence ni le contenu inappropri\u00e9. Nous avons pour priorit\u00e9 de cr\u00e9er un environnement s\u00e9curitaire et positif pour toutes les utilisatrices et tous les utilisateurs.<\/p>\n<p>&nbsp;<\/p>\n<h2>7. Modifications \u00e0 cette politique de confidentialit\u00e9<\/h2>\n<p>Nous nous r\u00e9servons le droit de modifier notre politique de confidentialit\u00e9 \u00e0 tout moment. Les modifications seront rendues publiques par la publication de la nouvelle politique de confidentialit\u00e9 sur cette page.<\/p>\n<p>&nbsp;<\/p>\n<h2>8. Nous contacter<\/h2>\n<p>Si vous avez des questions sur cette politique de confidentialit\u00e9, veuillez nous contacter \u00e0 l'adresse :<\/p>\n<p>info@localizzz.com<\/p>\n<p>En utilisant nos services, vous consentez \u00e0 la collecte et \u00e0 l'utilisation des renseignements conform\u00e9ment \u00e0 cette politique.<\/p>\n<p>\u00a0<span style=\"font-size: 14px;\">\u00a0<\/span><\/p>\n<p>&nbsp;<\/p>\n<p>&nbsp;<\/p>\n<p>&nbsp;<\/p>\n<p>&nbsp;<\/p>\n<p>&nbsp;<\/p>\n<p>&nbsp;<\/p>\n<p>&nbsp;<\/p>\n<p>&nbsp;<\/p>\n<p>&nbsp;<\/p>\n<p>&nbsp;<\/p>\n<p>&nbsp;<\/p>\n<p>&nbsp;<\/p>\n<p>&nbsp;<\/p>\n<p>&nbsp;<\/p>\n<p>&nbsp;<\/p>\n<p>&nbsp;<\/p>\n<p>&nbsp;<\/p>\n<p>&nbsp;<\/p>\n<p>&nbsp;<\/p>\n<p>&nbsp;<\/p>\n<p>&nbsp;<\/p>\n<p>&nbsp;<\/p>\n<p>&nbsp;<\/p>\n<p>&nbsp;<\/p>\n<p>&nbsp;<\/p>\n<p>&nbsp;<\/p>\n<p>&nbsp;<\/p>\n<p>&nbsp;<\/p>\n<p>&nbsp;<\/p>\n<p>&nbsp;<\/p>\n<p>&nbsp;<\/p>\n<p><!-- \/divi:paragraph -->[\/et_pb_text][\/et_pb_column][\/et_pb_row][\/et_pb_section]<\/p>","protected":false},"excerpt":{"rendered":"<p>&nbsp; &nbsp; Privacy Policy for Localizzzafrica.com, Program Engage Africa and Engage Africa NLP App &nbsp; Welcome to our Privacy Policy page. The privacy and security of our users are of paramount importance. This Privacy Policy applies to our websites (tlahub.com, l10nsys.com, Localizzz.com, Localizzzafrica.com) and our programs and applications (Program Engage Africa and Engage Africa NLP [&hellip;]<\/p>","protected":false},"author":1,"featured_media":0,"parent":0,"menu_order":0,"comment_status":"closed","ping_status":"open","template":"","meta":{"_et_pb_use_builder":"on","_et_pb_old_content":"<!-- wp:heading --><h2>Who we are<\/h2><!-- \/wp:heading --><!-- wp:paragraph --><p><strong class=\"privacy-policy-tutorial\">Suggested text: <\/strong>Our website address is: http:\/\/localizzzafrica.com.<\/p><!-- \/wp:paragraph --><!-- wp:heading --><h2>Comments<\/h2><!-- \/wp:heading --><!-- wp:paragraph --><p><strong class=\"privacy-policy-tutorial\">Suggested text: <\/strong>When visitors leave comments on the site we collect the data shown in the comments form, and also the visitor&#8217;s IP address and browser user agent string to help spam detection.<\/p><!-- \/wp:paragraph --><!-- wp:paragraph --><p>An anonymized string created from your email address (also called a hash) may be provided to the Gravatar service to see if you are using it. The Gravatar service privacy policy is available here: https:\/\/automattic.com\/privacy\/. After approval of your comment, your profile picture is visible to the public in the context of your comment.<\/p><!-- \/wp:paragraph --><!-- wp:heading --><h2>Media<\/h2><!-- \/wp:heading --><!-- wp:paragraph --><p><strong class=\"privacy-policy-tutorial\">Suggested text: <\/strong>If you upload images to the website, you should avoid uploading images with embedded location data (EXIF GPS) included. Visitors to the website can download and extract any location data from images on the website.<\/p><!-- \/wp:paragraph --><!-- wp:heading --><h2>Cookies<\/h2><!-- \/wp:heading --><!-- wp:paragraph --><p><strong class=\"privacy-policy-tutorial\">Suggested text: <\/strong>If you leave a comment on our site you may opt-in to saving your name, email address and website in cookies. These are for your convenience so that you do not have to fill in your details again when you leave another comment. These cookies will last for one year.<\/p><!-- \/wp:paragraph --><!-- wp:paragraph --><p>If you visit our login page, we will set a temporary cookie to determine if your browser accepts cookies. This cookie contains no personal data and is discarded when you close your browser.<\/p><!-- \/wp:paragraph --><!-- wp:paragraph --><p>When you log in, we will also set up several cookies to save your login information and your screen display choices. Login cookies last for two days, and screen options cookies last for a year. If you select &quot;Remember Me&quot;, your login will persist for two weeks. If you log out of your account, the login cookies will be removed.<\/p><!-- \/wp:paragraph --><!-- wp:paragraph --><p>If you edit or publish an article, an additional cookie will be saved in your browser. This cookie includes no personal data and simply indicates the post ID of the article you just edited. It expires after 1 day.<\/p><!-- \/wp:paragraph --><!-- wp:heading --><h2>Embedded content from other websites<\/h2><!-- \/wp:heading --><!-- wp:paragraph --><p><strong class=\"privacy-policy-tutorial\">Suggested text: <\/strong>Articles on this site may include embedded content (e.g. videos, images, articles, etc.). Embedded content from other websites behaves in the exact same way as if the visitor has visited the other website.<\/p><!-- \/wp:paragraph --><!-- wp:paragraph --><p>These websites may collect data about you, use cookies, embed additional third-party tracking, and monitor your interaction with that embedded content, including tracking your interaction with the embedded content if you have an account and are logged in to that website.<\/p><!-- \/wp:paragraph --><!-- wp:heading --><h2>Who we share your data with<\/h2><!-- \/wp:heading --><!-- wp:paragraph --><p><strong class=\"privacy-policy-tutorial\">Suggested text: <\/strong>If you request a password reset, your IP address will be included in the reset email.<\/p><!-- \/wp:paragraph --><!-- wp:heading --><h2>How long we retain your data<\/h2><!-- \/wp:heading --><!-- wp:paragraph --><p><strong class=\"privacy-policy-tutorial\">Suggested text: <\/strong>If you leave a comment, the comment and its metadata are retained indefinitely. This is so we can recognize and approve any follow-up comments automatically instead of holding them in a moderation queue.<\/p><!-- \/wp:paragraph --><!-- wp:paragraph --><p>For users that register on our website (if any), we also store the personal information they provide in their user profile. All users can see, edit, or delete their personal information at any time (except they cannot change their username). Website administrators can also see and edit that information.<\/p><!-- \/wp:paragraph --><!-- wp:heading --><h2>What rights you have over your data<\/h2><!-- \/wp:heading --><!-- wp:paragraph --><p><strong class=\"privacy-policy-tutorial\">Suggested text: <\/strong>If you have an account on this site, or have left comments, you can request to receive an exported file of the personal data we hold about you, including any data you have provided to us. You can also request that we erase any personal data we hold about you. This does not include any data we are obliged to keep for administrative, legal, or security purposes.<\/p><!-- \/wp:paragraph --><!-- wp:heading --><h2>Where your data is sent<\/h2><!-- \/wp:heading --><!-- wp:paragraph --><p><strong class=\"privacy-policy-tutorial\">Suggested text: <\/strong>Visitor comments may be checked through an automated spam detection service.<\/p><!-- \/wp:paragraph -->","_et_gb_content_width":"","footnotes":""},"class_list":["post-3","page","type-page","status-publish","hentry"],"_links":{"self":[{"href":"https:\/\/localizzzafrica.com\/fr_ca\/wp-json\/wp\/v2\/pages\/3","targetHints":{"allow":["GET"]}}],"collection":[{"href":"https:\/\/localizzzafrica.com\/fr_ca\/wp-json\/wp\/v2\/pages"}],"about":[{"href":"https:\/\/localizzzafrica.com\/fr_ca\/wp-json\/wp\/v2\/types\/page"}],"author":[{"embeddable":true,"href":"https:\/\/localizzzafrica.com\/fr_ca\/wp-json\/wp\/v2\/users\/1"}],"replies":[{"embeddable":true,"href":"https:\/\/localizzzafrica.com\/fr_ca\/wp-json\/wp\/v2\/comments?post=3"}],"version-history":[{"count":16,"href":"https:\/\/localizzzafrica.com\/fr_ca\/wp-json\/wp\/v2\/pages\/3\/revisions"}],"predecessor-version":[{"id":1869,"href":"https:\/\/localizzzafrica.com\/fr_ca\/wp-json\/wp\/v2\/pages\/3\/revisions\/1869"}],"wp:attachment":[{"href":"https:\/\/localizzzafrica.com\/fr_ca\/wp-json\/wp\/v2\/media?parent=3"}],"curies":[{"name":"wp","href":"https:\/\/api.w.org\/{rel}","templated":true}]}}