{"id":1351,"date":"2024-03-07T15:32:52","date_gmt":"2024-03-07T15:32:52","guid":{"rendered":"https:\/\/localizzzafrica.com\/?page_id=1351"},"modified":"2024-08-23T18:22:58","modified_gmt":"2024-08-23T18:22:58","slug":"engage-africa-nlp-the-app","status":"publish","type":"page","link":"https:\/\/localizzzafrica.com\/fr_ca\/engage-africa-nlp-the-app\/","title":{"rendered":"Engage Africa NLP \u2013 l'application"},"content":{"rendered":"<p>[et_pb_section fb_built=&#8221;1&#8243; admin_label=&#8221;Header&#8221; _builder_version=&#8221;4.23&#8243; _module_preset=&#8221;default&#8221; background_image=&#8221;https:\/\/localizzzafrica.com\/wp-content\/uploads\/2024\/02\/Pattern-with-Background.jpg&#8221; custom_padding=&#8221;17vw||17vw||true|false&#8221; collapsed=&#8221;on&#8221; global_colors_info=&#8221;{}&#8221;][et_pb_row _builder_version=&#8221;4.23&#8243; _module_preset=&#8221;default&#8221; global_colors_info=&#8221;{}&#8221;][et_pb_column type=&#8221;4_4&#8243; _builder_version=&#8221;4.23&#8243; _module_preset=&#8221;default&#8221; global_colors_info=&#8221;{}&#8221;][et_pb_heading title=&#8221;Engage Africa NLP&#8221; _builder_version=&#8221;4.23&#8243; _module_preset=&#8221;default&#8221; title_font=&#8221;|600||on|||||&#8221; title_text_color=&#8221;#FFFFFF&#8221; title_font_size=&#8221;61px&#8221; global_colors_info=&#8221;{}&#8221;][\/et_pb_heading][et_pb_heading title=&#8221;The App&#8221; _builder_version=&#8221;4.23&#8243; _module_preset=&#8221;default&#8221; title_font=&#8221;|600||on|||||&#8221; title_text_color=&#8221;#FFFFFF&#8221; title_font_size=&#8221;61px&#8221; animation_style=&#8221;flip&#8221; global_colors_info=&#8221;{}&#8221;][\/et_pb_heading][\/et_pb_column][\/et_pb_row][\/et_pb_section][et_pb_section fb_built=&#8221;1&#8243; admin_label=&#8221;About&#8221; _builder_version=&#8221;4.23&#8243; _module_preset=&#8221;default&#8221; background_color=&#8221;#FFFFFF&#8221; custom_margin=&#8221;2px|||||&#8221; custom_padding=&#8221;5px||5px|||&#8221; collapsed=&#8221;on&#8221; global_colors_info=&#8221;{}&#8221;][et_pb_row _builder_version=&#8221;4.23&#8243; _module_preset=&#8221;default&#8221; global_colors_info=&#8221;{}&#8221;][et_pb_column type=&#8221;4_4&#8243; _builder_version=&#8221;4.23&#8243; _module_preset=&#8221;default&#8221; global_colors_info=&#8221;{}&#8221;][et_pb_heading title=&#8221;Leveraging Technology to Support Low-Resourced African Languages&#8221; _builder_version=&#8221;4.23&#8243; _module_preset=&#8221;default&#8221; module_alignment=&#8221;center&#8221; global_colors_info=&#8221;{}&#8221;][\/et_pb_heading][\/et_pb_column][\/et_pb_row][et_pb_row _builder_version=&#8221;4.20.0&#8243; _module_preset=&#8221;default&#8221; global_colors_info=&#8221;{}&#8221;][et_pb_column type=&#8221;4_4&#8243; _builder_version=&#8221;4.20.0&#8243; _module_preset=&#8221;default&#8221; global_colors_info=&#8221;{}&#8221;][et_pb_heading title=&#8221;Mission&#8221; _builder_version=&#8221;4.23&#8243; _module_preset=&#8221;default&#8221; global_colors_info=&#8221;{}&#8221;][\/et_pb_heading][et_pb_text _builder_version=&#8221;4.20.0&#8243; _module_preset=&#8221;a3300d10-4888-4478-ad8c-9c66f52e0467&#8243; global_colors_info=&#8221;{}&#8221;]<\/p>\n<p style=\"text-align: justify;\">L'initiative Engage Africa NLP est un projet con\u00e7u pour favoriser l'accessibilit\u00e9 et l'utilisation des langues africaines sur la sc\u00e8ne num\u00e9rique gr\u00e2ce \u00e0 la puissance du traitement du langage naturel et de l'apprentissage automatique.<\/p>\n<p style=\"text-align: justify;\">Ce programme vise \u00e0 utiliser l'expertise d'expertes et d'experts de la langue, de locutrices natives et locuteurs natifs, de traductrices et traducteurs et de technologues pour d\u00e9velopper des outils et des applications centr\u00e9s sur les langues africaines disposant de peu de ressources et sous-repr\u00e9sent\u00e9es, surtout les langues camerounaises.<span><strong><\/strong><\/span><\/p>\n<p style=\"text-align: justify;\">\n<p>[\/et_pb_text][et_pb_heading title=&#8221;Initial focus on Cameroonian languages&#8221; _builder_version=&#8221;4.23&#8243; _module_preset=&#8221;default&#8221; background_color=&#8221;RGBA(255,255,255,0)&#8221; global_colors_info=&#8221;{}&#8221;][\/et_pb_heading][et_pb_text _builder_version=&#8221;4.20.0&#8243; _module_preset=&#8221;a3300d10-4888-4478-ad8c-9c66f52e0467&#8243; global_colors_info=&#8221;{}&#8221;]<\/p>\n<p style=\"text-align: justify;\">\n<p style=\"text-align: justify;\"><span>Nous avons commenc\u00e9 \u00e0 travailler avec les langues camerounaises comme le gh\u0254m\u00e1l\u00e1\u2019 le fulfulde, l'ewondo, le douala, le bassa, le boulou, le nufi, le kom, le medumba, le yemba, le bamoum, le pinyin, le ngiemboon, le meta\u2019, le nso\u2019, le toupouri, le pidgin camerounais et le camfranglais. <\/span><\/p>\n<p style=\"text-align: justify;\"><span>Plus de langues seront ajout\u00e9es plus tard.<\/span><a href=\"https:\/\/l10nsys.com\/data-collection-app-for-low-resourced-languages\/\"><\/a><\/p>\n<p style=\"text-align: justify;\">\n<p>[\/et_pb_text][et_pb_heading title=&#8221;Execution&#8221; _builder_version=&#8221;4.23&#8243; _module_preset=&#8221;default&#8221; global_colors_info=&#8221;{}&#8221;][\/et_pb_heading][et_pb_text _builder_version=&#8221;4.20.0&#8243; _module_preset=&#8221;a3300d10-4888-4478-ad8c-9c66f52e0467&#8243; global_colors_info=&#8221;{}&#8221;]<\/p>\n<p style=\"text-align: justify;\">\n<p style=\"text-align: justify;\"><span>En collectant des donn\u00e9es linguistiques diversifi\u00e9es, nous voulons aider l'IA \u00e0 desservir non seulement les langues majeures, mais \u00e9galement celles qui sont habituellement ignor\u00e9es comme le gh\u0254m\u00e1l\u00e1\u2019 le fulfulde, l'ewondo, le douala, le bassa, le boulou, le nufi, le kom, le medumba, le yemba, le bamoum, le pinyin, le ngiemboon, le meta\u2019, le nso\u2019, le toupouri, le pidgin camerounais, le camfranglais et plus encore.<\/span><\/p>\n<p style=\"text-align: justify;\">L'application Engage Africa NLP est maintenant disponible sur l'App Store et le Play Store.<\/p>\n<p style=\"text-align: justify;\">Nous utilisons pr\u00e9sentement des fonctionnalit\u00e9s de collecte des donn\u00e9es de la plateforme pour collecter les donn\u00e9es linguistiques et construire un corpus bilingue entre l'anglais et chaque langue afin de d\u00e9velopper la technologie.<\/p>\n<p style=\"text-align: justify;\">Par la suite, la plateforme \u00e9voluera pour accueillir les outils et les technologies obtenus par l'entra\u00eenement du mod\u00e8le.<\/p>\n<p style=\"text-align: justify;\">N'importe qui peut aider! Vous pouvez contribuer en offrant des donn\u00e9es ou de la r\u00e9troaction, en sugg\u00e9rant une langue ou en cliquant sur le menu Request a Translation (Demande de traduction) pour nous donner du travail.<span><\/span><\/p>\n<p style=\"text-align: justify;\"><span><\/span><\/p>\n<ul style=\"text-align: justify;\">\n<li>\n<p><span><strong>App Store d'Apple (iOS) :<\/strong> <a target=\"_new\" rel=\"noreferrer noopener\" href=\"https:\/\/apps.apple.com\/ca\/app\/engage-africa-nlp\/id6479445327\">Engage Africa NLP sur l'App Store d'Apple<\/a><\/span><\/p>\n<\/li>\n<li>\n<p><span><strong>Play Store de Google (Android) :<\/strong> <a target=\"_new\" rel=\"noreferrer noopener\" href=\"https:\/\/play.google.com\/store\/apps\/details?id=africa.localizzz\">Engage Africa NLP sur le Play Store de Google<\/a><\/span><\/p>\n<\/li>\n<\/ul>\n<p style=\"text-align: justify;\"><span>Cette application \u00e9voluera pour inclure la technologie con\u00e7ue gr\u00e2ce aux donn\u00e9es collect\u00e9es.<\/span><\/p>\n<p style=\"text-align: justify;\"><span><strong>P\u00e9riode : 1 an<\/strong><\/span><\/p>\n<p style=\"text-align: justify;\">\n<p>[\/et_pb_text][et_pb_heading title=&#8221;Vision&#8221; _builder_version=&#8221;4.23&#8243; _module_preset=&#8221;default&#8221; global_colors_info=&#8221;{}&#8221;][\/et_pb_heading][et_pb_text _builder_version=&#8221;4.20.0&#8243; _module_preset=&#8221;a3300d10-4888-4478-ad8c-9c66f52e0467&#8243; global_colors_info=&#8221;{}&#8221;]<\/p>\n<p style=\"text-align: justify;\">La plateforme de collecte de donn\u00e9es repr\u00e9sente la pierre angulaire de nos efforts, con\u00e7ue pour ludifier la collecte de donn\u00e9es.<\/p>\n<p style=\"text-align: justify;\">En impliquant des traductrices professionnelles et traducteurs professionnels, des responsables de la collecte des donn\u00e9es et des locutrices natives et locuteurs natifs dans des t\u00e2ches interactives amusantes, nous compilons de pr\u00e9cieux jeux de donn\u00e9es qui forment la base de tous les d\u00e9veloppements technologiques suivants.<\/p>\n<p style=\"text-align: justify;\">Cette approche acc\u00e9l\u00e8re la collecte de donn\u00e9es et assure l'inclusivit\u00e9 et l'authenticit\u00e9 des renseignements linguistiques collect\u00e9s.<\/p>\n<p style=\"text-align: justify;\">\n<p style=\"text-align: justify;\">\n<p style=\"text-align: justify;\">\n<p>[\/et_pb_text][et_pb_heading title=&#8221;Project Updates&#8221; _builder_version=&#8221;4.23&#8243; _module_preset=&#8221;default&#8221; module_alignment=&#8221;center&#8221; global_colors_info=&#8221;{}&#8221;][\/et_pb_heading][et_pb_post_slider include_categories=&#8221;20&#8243; _builder_version=&#8221;4.23&#8243; _module_preset=&#8221;default&#8221; global_colors_info=&#8221;{}&#8221;][\/et_pb_post_slider][\/et_pb_column][\/et_pb_row][\/et_pb_section]<\/p>","protected":false},"excerpt":{"rendered":"<p>The Engage Africa NLP initiative is a project designed to foster accessibility and use of African languages in the digital realm through the power of NLP and ML. This program aims to harness the expertise of language experts, native speakers, translators and technologists to develop tools and applications focusing on low-resourced, underrepresented African languages, with [&hellip;]<\/p>","protected":false},"author":1,"featured_media":0,"parent":0,"menu_order":0,"comment_status":"closed","ping_status":"closed","template":"","meta":{"_et_pb_use_builder":"on","_et_pb_old_content":"","_et_gb_content_width":"","footnotes":""},"class_list":["post-1351","page","type-page","status-publish","hentry"],"_links":{"self":[{"href":"https:\/\/localizzzafrica.com\/fr_ca\/wp-json\/wp\/v2\/pages\/1351","targetHints":{"allow":["GET"]}}],"collection":[{"href":"https:\/\/localizzzafrica.com\/fr_ca\/wp-json\/wp\/v2\/pages"}],"about":[{"href":"https:\/\/localizzzafrica.com\/fr_ca\/wp-json\/wp\/v2\/types\/page"}],"author":[{"embeddable":true,"href":"https:\/\/localizzzafrica.com\/fr_ca\/wp-json\/wp\/v2\/users\/1"}],"replies":[{"embeddable":true,"href":"https:\/\/localizzzafrica.com\/fr_ca\/wp-json\/wp\/v2\/comments?post=1351"}],"version-history":[{"count":37,"href":"https:\/\/localizzzafrica.com\/fr_ca\/wp-json\/wp\/v2\/pages\/1351\/revisions"}],"predecessor-version":[{"id":1796,"href":"https:\/\/localizzzafrica.com\/fr_ca\/wp-json\/wp\/v2\/pages\/1351\/revisions\/1796"}],"wp:attachment":[{"href":"https:\/\/localizzzafrica.com\/fr_ca\/wp-json\/wp\/v2\/media?parent=1351"}],"curies":[{"name":"wp","href":"https:\/\/api.w.org\/{rel}","templated":true}]}}